{"id":147,"date":"2020-03-03T18:23:31","date_gmt":"2020-03-03T18:23:31","guid":{"rendered":"http:\/\/www.drszabo.hu\/?page_id=147"},"modified":"2020-03-09T14:52:33","modified_gmt":"2020-03-09T14:52:33","slug":"kapcsolat-2","status":"publish","type":"page","link":"http:\/\/www.drszabo.hu\/?page_id=147","title":{"rendered":"Kapcsolat"},"content":{"rendered":"\n<p class=\"has-medium-font-size\"><strong>Dr. Szab\u00f3 Erzs\u00e9bet M\u00e1ria<br>Okl. Olasz-magyar \/ Magyar-olasz tolm\u00e1cs \u00e9s szakford\u00edt\u00f3;<br>Olasz nyelvtan\u00e1r; olasz nyelvi konzulens<\/strong><br><br>e-mail: drszabo.em@gmail.com<br>Tel. HU:  +36 30 9410 554<br>Tel. IT:   +39 392 333 0909<\/p>\n","protected":false},"excerpt":{"rendered":"<p>Dr. Szab\u00f3 Erzs\u00e9bet M\u00e1riaOkl. Olasz-magyar \/ Magyar-olasz tolm\u00e1cs \u00e9s szakford\u00edt\u00f3;Olasz nyelvtan\u00e1r; olasz nyelvi konzulens e-mail: drszabo.em@gmail.comTel. HU: +36 30 9410 554Tel. IT: +39 392 333 0909<\/p>\n","protected":false},"author":1,"featured_media":124,"parent":0,"menu_order":0,"comment_status":"closed","ping_status":"closed","template":"","meta":[],"_links":{"self":[{"href":"http:\/\/www.drszabo.hu\/index.php?rest_route=\/wp\/v2\/pages\/147"}],"collection":[{"href":"http:\/\/www.drszabo.hu\/index.php?rest_route=\/wp\/v2\/pages"}],"about":[{"href":"http:\/\/www.drszabo.hu\/index.php?rest_route=\/wp\/v2\/types\/page"}],"author":[{"embeddable":true,"href":"http:\/\/www.drszabo.hu\/index.php?rest_route=\/wp\/v2\/users\/1"}],"replies":[{"embeddable":true,"href":"http:\/\/www.drszabo.hu\/index.php?rest_route=%2Fwp%2Fv2%2Fcomments&post=147"}],"version-history":[{"count":3,"href":"http:\/\/www.drszabo.hu\/index.php?rest_route=\/wp\/v2\/pages\/147\/revisions"}],"predecessor-version":[{"id":329,"href":"http:\/\/www.drszabo.hu\/index.php?rest_route=\/wp\/v2\/pages\/147\/revisions\/329"}],"wp:featuredmedia":[{"embeddable":true,"href":"http:\/\/www.drszabo.hu\/index.php?rest_route=\/wp\/v2\/media\/124"}],"wp:attachment":[{"href":"http:\/\/www.drszabo.hu\/index.php?rest_route=%2Fwp%2Fv2%2Fmedia&parent=147"}],"curies":[{"name":"wp","href":"https:\/\/api.w.org\/{rel}","templated":true}]}}