{"id":205,"date":"2020-03-03T20:46:33","date_gmt":"2020-03-03T20:46:33","guid":{"rendered":"http:\/\/www.drszabo.hu\/?page_id=205"},"modified":"2020-03-09T14:48:55","modified_gmt":"2020-03-09T14:48:55","slug":"forditas","status":"publish","type":"page","link":"http:\/\/www.drszabo.hu\/?page_id=205","title":{"rendered":"Ford\u00edt\u00e1s"},"content":{"rendered":"\n<figure class=\"wp-block-image size-large\"><img loading=\"lazy\" width=\"1024\" height=\"556\" src=\"http:\/\/www.drszabo.hu\/wp-content\/uploads\/2020\/03\/files-1024x556.jpg\" alt=\"\" class=\"wp-image-293\" srcset=\"http:\/\/www.drszabo.hu\/wp-content\/uploads\/2020\/03\/files-1024x556.jpg 1024w, http:\/\/www.drszabo.hu\/wp-content\/uploads\/2020\/03\/files-300x163.jpg 300w, http:\/\/www.drszabo.hu\/wp-content\/uploads\/2020\/03\/files-768x417.jpg 768w, http:\/\/www.drszabo.hu\/wp-content\/uploads\/2020\/03\/files-1536x834.jpg 1536w, http:\/\/www.drszabo.hu\/wp-content\/uploads\/2020\/03\/files-2048x1112.jpg 2048w, http:\/\/www.drszabo.hu\/wp-content\/uploads\/2020\/03\/files-1200x652.jpg 1200w\" sizes=\"(max-width: 709px) 85vw, (max-width: 909px) 67vw, (max-width: 1362px) 62vw, 840px\" \/><\/figure>\n\n\n\n<p> <strong>Mag\u00e1nszem\u00e9lyeknek \u00e9s c\u00e9geknek<\/strong>:  <\/p>\n\n\n\n<ul><li> szem\u00e9lyes okm\u00e1nyok,   <\/li><li>hivatalos iratok, <\/li><li>polg\u00e1ri peres iratok,  <\/li><li>ad\u00e1sv\u00e9teli \u00e9s kereskedelmi szerz\u0151d\u00e9sek, <\/li><li>p\u00e9nz\u00fcgyi anyagok, <\/li><li>gazdas\u00e1gi elemz\u00e9sek, <\/li><li>szak\u00e9rt\u0151i v\u00e9lem\u00e9nyek, <\/li><li>turisztikai anyagok, <\/li><li>weblapok.<\/li><\/ul>\n\n\n\n<p><\/p>\n\n\n\n<p><br><strong>Gazdas\u00e1gi \u00e9s politikai <\/strong>t\u00e9m\u00e1j\u00fa szakk\u00f6nyvek ford\u00edt\u00e1sa magyarr\u00f3l olasz nyelvre, pl.:<\/p>\n\n\n\n<h4 class=\"has-text-align-left\" id=\"title\">Europa e solidariet\u00e0. Tra pilastro sociale e derive sovraniste&nbsp;(Italiano)&nbsp;<br>Eurilink,  ROMA, 2019<br><em>di l\u00e1szl\u00f3 andor (autore), paolo butturini (autore), E.M. Szab\u00f3 (traduttore)<\/em><\/h4>\n\n\n\n<p><\/p>\n\n\n\n<div class=\"wp-block-image\"><figure class=\"aligncenter size-large is-resized\"><a href=\"https:\/\/www.amazon.it\/Europa-solidariet%C3%A0-L%C3%A1szl%C3%B3-Andor\/dp\/8885622402   \"><img loading=\"lazy\" src=\"http:\/\/www.drszabo.hu\/wp-content\/uploads\/2020\/03\/ANDOR.png\" alt=\"\" class=\"wp-image-257\" width=\"342\" height=\"465\" srcset=\"http:\/\/www.drszabo.hu\/wp-content\/uploads\/2020\/03\/ANDOR.png 572w, http:\/\/www.drszabo.hu\/wp-content\/uploads\/2020\/03\/ANDOR-221x300.png 221w\" sizes=\"(max-width: 342px) 85vw, 342px\" \/><\/a><figcaption>Andor L\u00e1szl\u00f3  &#8220;<strong>J\u00f3l\u00e9ti modellek, eur\u00f3pai v\u00e1ls\u00e1gok<\/strong>&#8221; c. k\u00f6nyv\u00e9t a r\u00f3mai Eurilink  University Press adta ki olasz nyelven<\/figcaption><\/figure><\/div>\n","protected":false},"excerpt":{"rendered":"<p>Mag\u00e1nszem\u00e9lyeknek \u00e9s c\u00e9geknek: szem\u00e9lyes okm\u00e1nyok, hivatalos iratok, polg\u00e1ri peres iratok, ad\u00e1sv\u00e9teli \u00e9s kereskedelmi szerz\u0151d\u00e9sek, p\u00e9nz\u00fcgyi anyagok, gazdas\u00e1gi elemz\u00e9sek, szak\u00e9rt\u0151i v\u00e9lem\u00e9nyek, turisztikai anyagok, weblapok. Gazdas\u00e1gi \u00e9s politikai t\u00e9m\u00e1j\u00fa szakk\u00f6nyvek ford\u00edt\u00e1sa magyarr\u00f3l olasz nyelvre, pl.: Europa e solidariet\u00e0. Tra pilastro sociale e derive sovraniste&nbsp;(Italiano)&nbsp;Eurilink, ROMA, 2019di l\u00e1szl\u00f3 andor (autore), paolo butturini (autore), E.M. Szab\u00f3 (traduttore)<\/p>\n","protected":false},"author":1,"featured_media":0,"parent":0,"menu_order":0,"comment_status":"closed","ping_status":"closed","template":"","meta":[],"_links":{"self":[{"href":"http:\/\/www.drszabo.hu\/index.php?rest_route=\/wp\/v2\/pages\/205"}],"collection":[{"href":"http:\/\/www.drszabo.hu\/index.php?rest_route=\/wp\/v2\/pages"}],"about":[{"href":"http:\/\/www.drszabo.hu\/index.php?rest_route=\/wp\/v2\/types\/page"}],"author":[{"embeddable":true,"href":"http:\/\/www.drszabo.hu\/index.php?rest_route=\/wp\/v2\/users\/1"}],"replies":[{"embeddable":true,"href":"http:\/\/www.drszabo.hu\/index.php?rest_route=%2Fwp%2Fv2%2Fcomments&post=205"}],"version-history":[{"count":14,"href":"http:\/\/www.drszabo.hu\/index.php?rest_route=\/wp\/v2\/pages\/205\/revisions"}],"predecessor-version":[{"id":327,"href":"http:\/\/www.drszabo.hu\/index.php?rest_route=\/wp\/v2\/pages\/205\/revisions\/327"}],"wp:attachment":[{"href":"http:\/\/www.drszabo.hu\/index.php?rest_route=%2Fwp%2Fv2%2Fmedia&parent=205"}],"curies":[{"name":"wp","href":"https:\/\/api.w.org\/{rel}","templated":true}]}}