{"id":213,"date":"2020-03-03T21:16:08","date_gmt":"2020-03-03T21:16:08","guid":{"rendered":"http:\/\/www.drszabo.hu\/?page_id=213"},"modified":"2020-03-04T00:46:42","modified_gmt":"2020-03-04T00:46:42","slug":"nyelvtanitas","status":"publish","type":"page","link":"http:\/\/www.drszabo.hu\/?page_id=213","title":{"rendered":"Nyelvtan\u00edt\u00e1s"},"content":{"rendered":"\n<p class=\"has-text-align-left\"><strong>Szakmai tapasztalatom:<\/strong><br>T\u00f6bb \u00e9vtizedig oktattam olasz nyelvet a fels\u0151oktat\u00e1sban: el\u0151sz\u00f6r a K\u00f6zg\u00e1zon, ahol az olasz gazdas\u00e1gi szaknyelvre specializ\u00e1l\u00f3dtam, k\u00e9s\u0151bb a BME GTK Tolm\u00e1cs- \u00e9s Ford\u00edt\u00f3k\u00e9pz\u0151 K\u00f6zpontj\u00e1ban, ahol leend\u0151 olasz tolm\u00e1csokat \u00e9s szakford\u00edt\u00f3kat k\u00e9sz\u00edtettem fel erre a sz\u00e9p, \u00e1m neh\u00e9z mesters\u00e9gre. <br>Nagy tapasztalatom van a feln\u0151ttek oktat\u00e1s\u00e1ban: tan\u00edtv\u00e1nyaim t\u00f6bbnyire diplom\u00e1s vagy diploma el\u0151tti fiatalok, akik munka \/ csal\u00e1d \/ tanul\u00e1s mellett akarnak nyelvet tanulni. <br>Sz\u00e1mos tan\u00edtv\u00e1nyomat k\u00e9sz\u00edtettem m\u00e1r fel sikerrel az olasz nyelvvizsg\u00e1ra. \u00d6r\u00f6mmel seg\u00edtek \u00d6nnek lek\u00fczdeni olasz nyelvtanul\u00e1si neh\u00e9zs\u00e9geit! Keressen b\u00e1tran!   <br><br><strong>Tan\u00edt\u00e1si m\u00f3dszerem l\u00e9nyege: <\/strong><br>*rugalmass\u00e1g<br> *egy\u00e9ni \u00e9s szem\u00e9lyre szabott tanmenet<br>*\u00f6n\u00e1ll\u00f3 besz\u00e9dprodukci\u00f3 gyakorl\u00e1sa  <br>*online \/ digit\u00e1lis nyelvtanul\u00e1si eszk\u00f6z\u00f6k alkalmaz\u00e1sa <br>*interaktivit\u00e1s <br>*az orsz\u00e1gismeret, a kult\u00fara, az olasz \u00e9let\u00e9rz\u00e9s megismertet\u00e9se. <br><img loading=\"lazy\" width=\"2560\" height=\"1920\" class=\"wp-image-262\" style=\"width: 200px;\" src=\"http:\/\/www.drszabo.hu\/wp-content\/uploads\/2020\/03\/arco-Via-Giulia-scaled.jpg\" alt=\"\" srcset=\"http:\/\/www.drszabo.hu\/wp-content\/uploads\/2020\/03\/arco-Via-Giulia-scaled.jpg 2560w, http:\/\/www.drszabo.hu\/wp-content\/uploads\/2020\/03\/arco-Via-Giulia-300x225.jpg 300w, http:\/\/www.drszabo.hu\/wp-content\/uploads\/2020\/03\/arco-Via-Giulia-1024x768.jpg 1024w, http:\/\/www.drszabo.hu\/wp-content\/uploads\/2020\/03\/arco-Via-Giulia-768x576.jpg 768w, http:\/\/www.drszabo.hu\/wp-content\/uploads\/2020\/03\/arco-Via-Giulia-1536x1152.jpg 1536w, http:\/\/www.drszabo.hu\/wp-content\/uploads\/2020\/03\/arco-Via-Giulia-2048x1536.jpg 2048w, http:\/\/www.drszabo.hu\/wp-content\/uploads\/2020\/03\/arco-Via-Giulia-1200x900.jpg 1200w\" sizes=\"(max-width: 709px) 85vw, (max-width: 909px) 67vw, (max-width: 1362px) 62vw, 840px\" \/>        <img loading=\"lazy\" width=\"1920\" height=\"2560\" class=\"wp-image-264\" style=\"width: 150px;\" src=\"http:\/\/www.drszabo.hu\/wp-content\/uploads\/2020\/03\/Italia-scaled.jpg\" alt=\"\" srcset=\"http:\/\/www.drszabo.hu\/wp-content\/uploads\/2020\/03\/Italia-scaled.jpg 1920w, http:\/\/www.drszabo.hu\/wp-content\/uploads\/2020\/03\/Italia-225x300.jpg 225w, http:\/\/www.drszabo.hu\/wp-content\/uploads\/2020\/03\/Italia-768x1024.jpg 768w, http:\/\/www.drszabo.hu\/wp-content\/uploads\/2020\/03\/Italia-1152x1536.jpg 1152w, http:\/\/www.drszabo.hu\/wp-content\/uploads\/2020\/03\/Italia-1536x2048.jpg 1536w, http:\/\/www.drszabo.hu\/wp-content\/uploads\/2020\/03\/Italia-1200x1600.jpg 1200w\" sizes=\"(max-width: 709px) 85vw, (max-width: 909px) 67vw, (max-width: 1362px) 62vw, 840px\" \/>    <img loading=\"lazy\" width=\"2560\" height=\"1920\" class=\"wp-image-265\" style=\"width: 200px;\" src=\"http:\/\/www.drszabo.hu\/wp-content\/uploads\/2020\/03\/Piazza-del-Popolo-scaled.jpg\" alt=\"\" srcset=\"http:\/\/www.drszabo.hu\/wp-content\/uploads\/2020\/03\/Piazza-del-Popolo-scaled.jpg 2560w, http:\/\/www.drszabo.hu\/wp-content\/uploads\/2020\/03\/Piazza-del-Popolo-300x225.jpg 300w, http:\/\/www.drszabo.hu\/wp-content\/uploads\/2020\/03\/Piazza-del-Popolo-1024x768.jpg 1024w, http:\/\/www.drszabo.hu\/wp-content\/uploads\/2020\/03\/Piazza-del-Popolo-768x576.jpg 768w, http:\/\/www.drszabo.hu\/wp-content\/uploads\/2020\/03\/Piazza-del-Popolo-1536x1152.jpg 1536w, http:\/\/www.drszabo.hu\/wp-content\/uploads\/2020\/03\/Piazza-del-Popolo-2048x1536.jpg 2048w, http:\/\/www.drszabo.hu\/wp-content\/uploads\/2020\/03\/Piazza-del-Popolo-1200x900.jpg 1200w\" sizes=\"(max-width: 709px) 85vw, (max-width: 909px) 67vw, (max-width: 1362px) 62vw, 840px\" \/>  <\/p>\n\n\n\n<p><br><strong>V\u00e1llalok:<\/strong><br> *  \u00e1ltal\u00e1nos olasz nyelvtan\u00edt\u00e1st,  kezd\u0151 szintt\u0151l fels\u0151fokig,<br> * gazdas\u00e1gi \u00e9s \u00fczleti szakmai nyelvi felk\u00e9sz\u00edt\u00e9st, <br> * \u00e1ltal\u00e1nos \u00e9s gazdas\u00e1gi szakmai nyelvvizsg\u00e1ra val\u00f3 felk\u00e9sz\u00edt\u00e9st (B2, C1 szintekre), <br> * olasz orsz\u00e1gismereti kurzusok,<br> * gazdas\u00e1gi \u00e9s \u00fczleti szakmai nyelvi tr\u00e9ningek megtart\u00e1s\u00e1t.<br><br>Szem\u00e9lyre szabott, egy\u00e9nre kidolgozott tanmenet szerinti mag\u00e1n\u00f3r\u00e1kat adok <strong>Skype<\/strong>-on &#8211; t\u00f6bb elfoglalt,  dolgoz\u00f3 tan\u00edtv\u00e1nyomat \u00edgy k\u00e9sz\u00edtettem fel sikerrel. Pr\u00f3b\u00e1lja ki \u00d6n is a Skype ny\u00fajtotta el\u0151ny\u00f6ket a tanul\u00e1sban!  <\/p>\n\n\n\n<div class=\"wp-block-image\"><figure class=\"aligncenter size-large is-resized\"><img loading=\"lazy\" src=\"http:\/\/www.drszabo.hu\/wp-content\/uploads\/2020\/03\/santostefanorotondo-768x1024.jpg\" alt=\"\" class=\"wp-image-266\" width=\"364\" height=\"485\" srcset=\"http:\/\/www.drszabo.hu\/wp-content\/uploads\/2020\/03\/santostefanorotondo-768x1024.jpg 768w, http:\/\/www.drszabo.hu\/wp-content\/uploads\/2020\/03\/santostefanorotondo-225x300.jpg 225w, http:\/\/www.drszabo.hu\/wp-content\/uploads\/2020\/03\/santostefanorotondo-1152x1536.jpg 1152w, http:\/\/www.drszabo.hu\/wp-content\/uploads\/2020\/03\/santostefanorotondo-1536x2048.jpg 1536w, http:\/\/www.drszabo.hu\/wp-content\/uploads\/2020\/03\/santostefanorotondo-1200x1600.jpg 1200w, http:\/\/www.drszabo.hu\/wp-content\/uploads\/2020\/03\/santostefanorotondo-scaled.jpg 1920w\" sizes=\"(max-width: 364px) 85vw, 364px\" \/><figcaption>A Santo Stefano Rotondo templom &#8211;  <a href=\"https:\/\/hu.wikipedia.org\/wiki\/Szent_Istv%C3%A1n_(v%C3%A9rtan%C3%BA)\">Szent Istv\u00e1n v\u00e9rtan\u00fa<\/a>&nbsp;tisztelet\u00e9re szentelt\u00e9k fel az V. sz\u00e1zadban, a magyarok &#8220;nemzeti temploma&#8221; R\u00f3m\u00e1ban. <\/figcaption><\/figure><\/div>\n\n\n\n<p class=\"has-text-align-left has-normal-font-size\"> <strong>Tan\u00edtv\u00e1nyaim \u00edrt\u00e1k: <\/strong><br><br><em> &#8220;Mester diplom\u00e1m megszerz\u00e9s\u00e9hez m\u00e1sodik nyelvvizsg\u00e1mra k\u00e9sz\u00fcltem, mikor a Tan\u00e1rn\u0151h\u00f6z ker\u00fcltem.  Munka \u00e9s szakdolgozat\u00edr\u00e1s mellett mind\u00f6ssze k\u00e9t h\u00f3nap \u00e1llt rendelkez\u00e9semre a nyelvvizsg\u00e1ra val\u00f3 felk\u00e9sz\u00fcl\u00e9sre, melyben a Tan\u00e1rn\u0151 rendk\u00edv\u00fcli rugalmass\u00e1ggal \u00e9s az els\u0151 \u00f3r\u00e1t\u00f3l kezdve egy\u00e9ni tanmenettel seg\u00edtett a tanul\u00e1sban.&nbsp;  A k\u00f6z\u00f6s koncentr\u00e1lt munka eredm\u00e9nyek\u00e9nt sikeres \u00e1ltal\u00e1nos B2 szint\u0171 vizsg\u00e1t tettem.&#8221;  <br>Juli (26) <\/em><br><br> <em>&#8220;Szerettem az olasz \u00f3r\u00e1kat, mert Zs\u00f3ka ott a nyelv esszenci\u00e1j\u00e1t adta \u00e1t: a l\u00e9nyeg\u00e9t, a magv\u00e1t, azt a logik\u00e1t melyre a grammatika \u00e9p\u00fclt, s ez \u00e1ltal az olasz nyelv \u00e1tl\u00e1that\u00f3v\u00e1 \u00e9s k\u00f6vethet\u0151v\u00e9 lett.  A Skype-os \u00f3r\u00e1kon olyan online eszk\u00f6z\u00f6ket \u00e9s megold\u00e1sokat adott a kezembe, melyekkel a tanul\u00e1s hat\u00e9konys\u00e1ga megt\u00f6bbsz\u00f6r\u00f6z\u0151d\u00f6tt, \u00e9s csak rajtam \u00e1llt a fejl\u0151d\u00e9s \u00fcteme.  De ami m\u00e9g fontosabb, Zs\u00f3ka mellett az ember nem csak nyelvet tanul: tanulja az olaszokat, az \u00e9let\u00e9rz\u00e9st, a szeml\u00e9letet, szok\u00e1sokat \u00e9s vil\u00e1gl\u00e1t\u00e1st is; mindazt, ami \u00e9l\u0151v\u00e9 \u00e9s szerethet\u0151v\u00e9 tesz egy m\u00e1sik kult\u00far\u00e1t, s benne az embert.&#8221; <\/em><br><em>Moln\u00e1rn\u00e9 Gyuris Edit (36) <\/em> <br><\/p>\n\n\n\n<div class=\"wp-block-image\"><figure class=\"aligncenter size-large is-resized\"><img loading=\"lazy\" src=\"http:\/\/www.drszabo.hu\/wp-content\/uploads\/2020\/03\/sfere-1024x768.jpg\" alt=\"\" class=\"wp-image-269\" width=\"470\" height=\"353\" srcset=\"http:\/\/www.drszabo.hu\/wp-content\/uploads\/2020\/03\/sfere-1024x768.jpg 1024w, http:\/\/www.drszabo.hu\/wp-content\/uploads\/2020\/03\/sfere-300x225.jpg 300w, http:\/\/www.drszabo.hu\/wp-content\/uploads\/2020\/03\/sfere-768x576.jpg 768w, http:\/\/www.drszabo.hu\/wp-content\/uploads\/2020\/03\/sfere-1536x1152.jpg 1536w, http:\/\/www.drszabo.hu\/wp-content\/uploads\/2020\/03\/sfere-2048x1536.jpg 2048w, http:\/\/www.drszabo.hu\/wp-content\/uploads\/2020\/03\/sfere-1200x900.jpg 1200w\" sizes=\"(max-width: 470px) 85vw, 470px\" \/><figcaption>Szem\u00e9lyre sz\u00f3l\u00f3 tanmenet, rugalmas id\u0151beoszt\u00e1s, interakt\u00edv tananyagok &#8211; csupa finoms\u00e1g!<\/figcaption><\/figure><\/div>\n\n\n\n<p> <em>&#8220;A munk\u00e1val, a csal\u00e1ddal elfoglalt emberek, (teh\u00e1t \u00e1ltal\u00e1ban mindenki) keresik a &#8220;j\u00f3 nyelvtan\u00e1rt&#8221;, keresik a &#8220;rugalmas nyelvtan\u00e1rt&#8221;, aki kell\u0151 tapasztalattal, tud\u00e1ssal rendelkezik \u00e9s k\u00f6zben k\u00f6veti a modern vil\u00e1g ny\u00fajtotta lehet\u0151s\u00e9geket. Nem riad vissza att\u00f3l sem, ha esetleg Skype-on kell bep\u00f3tolni egy \u00f3r\u00e1t, \u00e9s mindek\u00f6zben \u00fagy alkalmazkodik a tanul\u00f3 \u00fcgyes-bajos dolgaihoz (\u00e9rtsd: id\u0151hi\u00e1ny,  vagy lustas\u00e1g), hogy az  k\u00e9sz\u00fcletlen\u00fcl is alig v\u00e1rja a k\u00f6vetkez\u0151 \u00f3r\u00e1t.  \u00c9n is kerestem.  Szab\u00f3 tan\u00e1rn\u0151 szem\u00e9ly\u00e9ben pedig megtal\u00e1ltam. K\u00f6z\u00f6s munk\u00e1nk eredm\u00e9nye egy j\u00f3l siker\u00fclt olasz nyelvvizsga lett, egy igencsak haszn\u00e1lhat\u00f3 nyelvtud\u00e1s, rengeteg \u00e9lm\u00e9ny \u00e9s rem\u00e9lem, egy \u00e9letre sz\u00f3l\u00f3 bar\u00e1ts\u00e1g.  \u0150szinte sz\u00edvvel aj\u00e1nlom \u0151t minden nyelvet tudni v\u00e1gy\u00f3nak.&#8221; <br>Balogh Csaba (32), programtervez\u0151 informatikus <\/em><\/p>\n\n\n\n<p>  <em>&#8220;A kor\u00e1bbi sablonos nyelvtanul\u00e1si m\u00f3dszerek ut\u00e1n, igaz\u00e1n hasznos volt, hogy v\u00e9gre a mindennapi, val\u00f3 \u00e9letben haszn\u00e1lhat\u00f3 nyelvtud\u00e1st saj\u00e1t\u00edthattam el, mely hozz\u00e1j\u00e1rult a sikeres k\u00f6z\u00e9pfok\u00fa nyelvvizsga megszerz\u00e9s\u00e9hez.  A tan\u00f3r\u00e1k kommunikat\u00edvak \u00e9s j\u00f3 hangulat\u00faak voltam, csak aj\u00e1nlani tudom \ud83d\ude42 Grazie mille, Zs\u00f3ka!&#8221;   <\/em><br><em>Varga Vikt\u00f3ria (31)   <\/em><\/p>\n\n\n\n<p><a href=\"https:\/\/www.flipsnack.com\/DrSzaboerzsebetmaria\/olasz-orak-dr-szabo-erzsebet-mariaval.html\">https:\/\/www.flipsnack.com\/DrSzaboerzsebetmaria\/olasz-orak-dr-szabo-erzsebet-mariaval.html<\/a><\/p>\n","protected":false},"excerpt":{"rendered":"<p>Szakmai tapasztalatom:T\u00f6bb \u00e9vtizedig oktattam olasz nyelvet a fels\u0151oktat\u00e1sban: el\u0151sz\u00f6r a K\u00f6zg\u00e1zon, ahol az olasz gazdas\u00e1gi szaknyelvre specializ\u00e1l\u00f3dtam, k\u00e9s\u0151bb a BME GTK Tolm\u00e1cs- \u00e9s Ford\u00edt\u00f3k\u00e9pz\u0151 K\u00f6zpontj\u00e1ban, ahol leend\u0151 olasz tolm\u00e1csokat \u00e9s szakford\u00edt\u00f3kat k\u00e9sz\u00edtettem fel erre a sz\u00e9p, \u00e1m neh\u00e9z mesters\u00e9gre. Nagy tapasztalatom van a feln\u0151ttek oktat\u00e1s\u00e1ban: tan\u00edtv\u00e1nyaim t\u00f6bbnyire diplom\u00e1s vagy diploma el\u0151tti fiatalok, akik munka \/ &hellip; <a href=\"http:\/\/www.drszabo.hu\/?page_id=213\" class=\"more-link\">Continue reading<span class=\"screen-reader-text\"> &#8220;Nyelvtan\u00edt\u00e1s&#8221;<\/span><\/a><\/p>\n","protected":false},"author":1,"featured_media":0,"parent":0,"menu_order":0,"comment_status":"closed","ping_status":"closed","template":"","meta":[],"_links":{"self":[{"href":"http:\/\/www.drszabo.hu\/index.php?rest_route=\/wp\/v2\/pages\/213"}],"collection":[{"href":"http:\/\/www.drszabo.hu\/index.php?rest_route=\/wp\/v2\/pages"}],"about":[{"href":"http:\/\/www.drszabo.hu\/index.php?rest_route=\/wp\/v2\/types\/page"}],"author":[{"embeddable":true,"href":"http:\/\/www.drszabo.hu\/index.php?rest_route=\/wp\/v2\/users\/1"}],"replies":[{"embeddable":true,"href":"http:\/\/www.drszabo.hu\/index.php?rest_route=%2Fwp%2Fv2%2Fcomments&post=213"}],"version-history":[{"count":9,"href":"http:\/\/www.drszabo.hu\/index.php?rest_route=\/wp\/v2\/pages\/213\/revisions"}],"predecessor-version":[{"id":279,"href":"http:\/\/www.drszabo.hu\/index.php?rest_route=\/wp\/v2\/pages\/213\/revisions\/279"}],"wp:attachment":[{"href":"http:\/\/www.drszabo.hu\/index.php?rest_route=%2Fwp%2Fv2%2Fmedia&parent=213"}],"curies":[{"name":"wp","href":"https:\/\/api.w.org\/{rel}","templated":true}]}}