{"id":62,"date":"2020-03-03T15:33:15","date_gmt":"2020-03-03T15:33:15","guid":{"rendered":"http:\/\/www.drszabo.hu\/?page_id=62"},"modified":"2020-03-08T16:47:58","modified_gmt":"2020-03-08T16:47:58","slug":"the-new-umoma-opens-its-doors-2","status":"publish","type":"page","link":"http:\/\/www.drszabo.hu\/","title":{"rendered":"Az olasz-magyar p\u00e1rbesz\u00e9d\u00e9rt"},"content":{"rendered":"\n<p><\/p>\n\n\n\n<p><\/p>\n\n\n\n<div class=\"wp-container-1 wp-block-group alignwide\"><div class=\"wp-block-group__inner-container\">\n<h1 class=\"has-bright-blue-color has-text-color has-text-align-center\">Tolm\u00e1csol\u00e1s, ford\u00edt\u00e1s , olasztanul\u00e1s &#8211; minden, ami ahhoz kell, hogy olaszok \u00e9s magyarok jobban meg\u00e9rts\u00e9k egym\u00e1st <\/h1>\n<\/div><\/div>\n\n\n\n<div class=\"wp-container-5 wp-block-columns alignwide\">\n<div class=\"wp-container-2 wp-block-column\"><\/div>\n\n\n\n<div class=\"wp-container-4 wp-block-column\">\n<div class=\"wp-container-3 wp-block-group\"><div class=\"wp-block-group__inner-container\"><\/div><\/div>\n<\/div>\n<\/div>\n\n\n\n<div class=\"wp-container-6 wp-block-group alignwide\"><div class=\"wp-block-group__inner-container\"><\/div><\/div>\n\n\n\n<p><\/p>\n","protected":false},"excerpt":{"rendered":"<p>Tolm\u00e1csol\u00e1s, ford\u00edt\u00e1s , olasztanul\u00e1s &#8211; minden, ami ahhoz kell, hogy olaszok \u00e9s magyarok jobban meg\u00e9rts\u00e9k egym\u00e1st<\/p>\n","protected":false},"author":1,"featured_media":105,"parent":0,"menu_order":0,"comment_status":"closed","ping_status":"closed","template":"","meta":[],"_links":{"self":[{"href":"http:\/\/www.drszabo.hu\/index.php?rest_route=\/wp\/v2\/pages\/62"}],"collection":[{"href":"http:\/\/www.drszabo.hu\/index.php?rest_route=\/wp\/v2\/pages"}],"about":[{"href":"http:\/\/www.drszabo.hu\/index.php?rest_route=\/wp\/v2\/types\/page"}],"author":[{"embeddable":true,"href":"http:\/\/www.drszabo.hu\/index.php?rest_route=\/wp\/v2\/users\/1"}],"replies":[{"embeddable":true,"href":"http:\/\/www.drszabo.hu\/index.php?rest_route=%2Fwp%2Fv2%2Fcomments&post=62"}],"version-history":[{"count":16,"href":"http:\/\/www.drszabo.hu\/index.php?rest_route=\/wp\/v2\/pages\/62\/revisions"}],"predecessor-version":[{"id":308,"href":"http:\/\/www.drszabo.hu\/index.php?rest_route=\/wp\/v2\/pages\/62\/revisions\/308"}],"wp:featuredmedia":[{"embeddable":true,"href":"http:\/\/www.drszabo.hu\/index.php?rest_route=\/wp\/v2\/media\/105"}],"wp:attachment":[{"href":"http:\/\/www.drszabo.hu\/index.php?rest_route=%2Fwp%2Fv2%2Fmedia&parent=62"}],"curies":[{"name":"wp","href":"https:\/\/api.w.org\/{rel}","templated":true}]}}